{"id":270,"date":"2025-03-21T17:32:56","date_gmt":"2025-03-21T16:32:56","guid":{"rendered":"https:\/\/ginglinger-fix.fr\/?page_id=270"},"modified":"2025-12-27T20:50:49","modified_gmt":"2025-12-27T19:50:49","slug":"bienvenue","status":"publish","type":"page","link":"https:\/\/ginglinger-fix.fr\/","title":{"rendered":"Bienvenue"},"content":{"rendered":"<div>\t<div id=\"menu_hype_container\" class=\"HYPE_document\" style=\"margin:auto;position:relative;width:320px;height:120px;overflow:hidden;\">\n\t\t<script type=\"text\/javascript\" charset=\"utf-8\" src=\"\/\/ginglinger-fix.fr\/wp-content\/uploads\/hypeanimations\/1\/MENU.hyperesources\/menu_hype_generated_script.js?42746\"><\/script>\n\t<\/div>\n<\/div>\n\n\n\n<figure class=\"wp-block-image alignfull size-large\"><img loading=\"lazy\" decoding=\"async\" width=\"1024\" height=\"488\" src=\"https:\/\/ginglinger-fix.fr\/wp-content\/uploads\/2025\/03\/mainIMG-1024x488.png\" alt=\"\" class=\"wp-image-275\" srcset=\"https:\/\/ginglinger-fix.fr\/wp-content\/uploads\/2025\/03\/mainIMG-1024x488.png 1024w, https:\/\/ginglinger-fix.fr\/wp-content\/uploads\/2025\/03\/mainIMG-300x143.png 300w, https:\/\/ginglinger-fix.fr\/wp-content\/uploads\/2025\/03\/mainIMG-768x366.png 768w, https:\/\/ginglinger-fix.fr\/wp-content\/uploads\/2025\/03\/mainIMG.png 1135w\" sizes=\"auto, (max-width: 1024px) 100vw, 1024px\" \/><\/figure>\n\n\n\n<div class=\"wp-block-group alignfull has-background\" style=\"background:linear-gradient(0deg,rgb(182,165,117) 27%,rgba(155,81,224,0) 100%)\"><div class=\"wp-block-group__inner-container is-layout-flow wp-block-group-is-layout-flow\">\n<div style=\"height:70px\" aria-hidden=\"true\" class=\"wp-block-spacer\"><\/div>\n\n\n\n<div class=\"wp-block-columns alignwide are-vertically-aligned-center is-layout-flex wp-container-core-columns-is-layout-9d6595d7 wp-block-columns-is-layout-flex\">\n<div class=\"wp-block-column is-layout-flow wp-block-column-is-layout-flow\" style=\"flex-basis:50%\"><\/div>\n\n\n\n<div class=\"wp-block-column is-layout-flow wp-block-column-is-layout-flow\" style=\"flex-basis:50%\">\n<hr class=\"wp-block-separator has-text-color has-css-opacity has-background is-style-wide\" style=\"background-color:#000000;color:#000000\"\/>\n<\/div>\n<\/div>\n\n\n\n<div class=\"wp-block-columns alignwide is-layout-flex wp-container-core-columns-is-layout-9d6595d7 wp-block-columns-is-layout-flex\">\n<div class=\"wp-block-column is-layout-flow wp-block-column-is-layout-flow\"><div class=\"wp-block-image\">\n<figure class=\"aligncenter size-full is-resized\"><img loading=\"lazy\" decoding=\"async\" width=\"267\" height=\"800\" src=\"https:\/\/ginglinger-fix.fr\/wp-content\/uploads\/2025\/01\/Gewurztraminer.png\" alt=\"\" class=\"wp-image-132\" style=\"width:200px\" srcset=\"https:\/\/ginglinger-fix.fr\/wp-content\/uploads\/2025\/01\/Gewurztraminer.png 267w, https:\/\/ginglinger-fix.fr\/wp-content\/uploads\/2025\/01\/Gewurztraminer-100x300.png 100w\" sizes=\"auto, (max-width: 267px) 100vw, 267px\" \/><\/figure>\n<\/div><\/div>\n\n\n\n<div class=\"wp-block-column is-vertically-aligned-center is-layout-flow wp-block-column-is-layout-flow\">\n<p class=\"has-text-color\" style=\"color:#000000;font-size:22px\">Notre domaine familial nich\u00e9 au c\u0153ur du vignoble alsacien b\u00e9n\u00e9ficie de la tradition et de l\u2019exp\u00e9rience d\u2019une longue lign\u00e9e de vignerons depuis 1610.<\/p>\n\n\n\n<p class=\"has-text-color\" style=\"color:#000000;font-size:22px\">La famille <strong>Ginglinger-Fix<\/strong>, Eliane, Hubert et Andr\u00e9, vous accueille dans le charmant village de Voegtlinshoffen surplombant la plaine d\u2019Alsace o\u00f9 la vigne est omnipr\u00e9sente depuis le XIII\u00e8me si\u00e8cle.<\/p>\n<\/div>\n\n\n\n<div class=\"wp-block-column is-vertically-aligned-center is-layout-flow wp-block-column-is-layout-flow\">\n<p class=\"has-text-color\" style=\"color:#000000;font-size:22px\">L\u2019ensemble de notre vignoble est en coteaux et b\u00e9n\u00e9ficie d\u2019un microclimat exceptionnel.<br>Nos vins et Cr\u00e9mants d\u2019Alsace de propre r\u00e9colte sont exclusivement issus de vendanges manuelles et s\u00e9lectionn\u00e9es.<\/p>\n\n\n\n<p class=\"has-text-color\" style=\"color:#000000;font-size:22px\">Nous \u00e9laborons des vins fins et \u00e9quilibr\u00e9s avec une belle expression d\u2019ar\u00f4mes.<\/p>\n\n\n\n<p class=\"has-text-color\" style=\"color:#000000;font-size:22px\">Ils portent en eux le caract\u00e8re des terroirs qui les ont vus na\u00eetre.<\/p>\n<\/div>\n<\/div>\n\n\n\n<div style=\"height:40px\" aria-hidden=\"true\" class=\"wp-block-spacer\"><\/div>\n<\/div><\/div>\n\n\n<div>\t<div id=\"footer_hype_container\" class=\"HYPE_document\" style=\"margin:auto;position:relative;width:100%;height:100px;overflow:hidden;\">\n\t\t<script type=\"text\/javascript\" charset=\"utf-8\" src=\"\/\/ginglinger-fix.fr\/wp-content\/uploads\/hypeanimations\/4\/Footer.hyperesources\/footer_hype_generated_script.js?57848\"><\/script>\n\t<\/div>\n<\/div>\n","protected":false},"excerpt":{"rendered":"<p>Notre domaine familial nich\u00e9 au c\u0153ur du vignoble alsacien b\u00e9n\u00e9ficie de la tradition et de l\u2019exp\u00e9rience d\u2019une longue lign\u00e9e de vignerons depuis 1610. La famille Ginglinger-Fix, Eliane, Hubert et Andr\u00e9, vous accueille dans le charmant village de Voegtlinshoffen surplombant la plaine d\u2019Alsace o\u00f9 la vigne est omnipr\u00e9sente depuis le XIII\u00e8me si\u00e8cle. L\u2019ensemble de notre vignoble &#8230; <a title=\"Bienvenue\" class=\"read-more\" href=\"https:\/\/ginglinger-fix.fr\/\" aria-label=\"En savoir plus sur Bienvenue\">Lire la suite<\/a><\/p>\n","protected":false},"author":1,"featured_media":0,"parent":0,"menu_order":0,"comment_status":"closed","ping_status":"closed","template":"","meta":{"footnotes":""},"class_list":["post-270","page","type-page","status-publish"],"yoast_head":"<!-- This site is optimized with the Yoast SEO plugin v27.5 - https:\/\/yoast.com\/product\/yoast-seo-wordpress\/ -->\n<title>Bienvenue - Ginglinger-Fix Voegtlinshoffen<\/title>\n<meta name=\"robots\" content=\"index, follow, max-snippet:-1, max-image-preview:large, max-video-preview:-1\" \/>\n<link rel=\"canonical\" href=\"https:\/\/ginglinger-fix.fr\/\" \/>\n<meta property=\"og:locale\" content=\"fr_FR\" \/>\n<meta property=\"og:type\" content=\"article\" \/>\n<meta property=\"og:title\" content=\"Bienvenue - Ginglinger-Fix Voegtlinshoffen\" \/>\n<meta property=\"og:description\" content=\"Notre domaine familial nich\u00e9 au c\u0153ur du vignoble alsacien b\u00e9n\u00e9ficie de la tradition et de l\u2019exp\u00e9rience d\u2019une longue lign\u00e9e de vignerons depuis 1610. La famille Ginglinger-Fix, Eliane, Hubert et Andr\u00e9, vous accueille dans le charmant village de Voegtlinshoffen surplombant la plaine d\u2019Alsace o\u00f9 la vigne est omnipr\u00e9sente depuis le XIII\u00e8me si\u00e8cle. L\u2019ensemble de notre vignoble ... Lire la suite\" \/>\n<meta property=\"og:url\" content=\"https:\/\/ginglinger-fix.fr\/\" \/>\n<meta property=\"og:site_name\" content=\"Ginglinger-Fix Voegtlinshoffen\" \/>\n<meta property=\"article:modified_time\" content=\"2025-12-27T19:50:49+00:00\" \/>\n<meta property=\"og:image\" content=\"https:\/\/ginglinger-fix.fr\/wp-content\/uploads\/2025\/03\/mainIMG.png\" \/>\n\t<meta property=\"og:image:width\" content=\"1135\" \/>\n\t<meta property=\"og:image:height\" content=\"541\" \/>\n\t<meta property=\"og:image:type\" content=\"image\/png\" \/>\n<meta name=\"twitter:card\" content=\"summary_large_image\" \/>\n<meta name=\"twitter:label1\" content=\"Dur\u00e9e de lecture estim\u00e9e\" \/>\n\t<meta name=\"twitter:data1\" content=\"1 minute\" \/>\n<script type=\"application\/ld+json\" class=\"yoast-schema-graph\">{\"@context\":\"https:\\\/\\\/schema.org\",\"@graph\":[{\"@type\":\"WebPage\",\"@id\":\"https:\\\/\\\/ginglinger-fix.fr\\\/\",\"url\":\"https:\\\/\\\/ginglinger-fix.fr\\\/\",\"name\":\"Bienvenue - Ginglinger-Fix Voegtlinshoffen\",\"isPartOf\":{\"@id\":\"https:\\\/\\\/ginglinger-fix.fr\\\/#website\"},\"primaryImageOfPage\":{\"@id\":\"https:\\\/\\\/ginglinger-fix.fr\\\/#primaryimage\"},\"image\":{\"@id\":\"https:\\\/\\\/ginglinger-fix.fr\\\/#primaryimage\"},\"thumbnailUrl\":\"https:\\\/\\\/ginglinger-fix.fr\\\/wp-content\\\/uploads\\\/2025\\\/03\\\/mainIMG-1024x488.png\",\"datePublished\":\"2025-03-21T16:32:56+00:00\",\"dateModified\":\"2025-12-27T19:50:49+00:00\",\"breadcrumb\":{\"@id\":\"https:\\\/\\\/ginglinger-fix.fr\\\/#breadcrumb\"},\"inLanguage\":\"fr-FR\",\"potentialAction\":[{\"@type\":\"ReadAction\",\"target\":[\"https:\\\/\\\/ginglinger-fix.fr\\\/\"]}]},{\"@type\":\"ImageObject\",\"inLanguage\":\"fr-FR\",\"@id\":\"https:\\\/\\\/ginglinger-fix.fr\\\/#primaryimage\",\"url\":\"https:\\\/\\\/ginglinger-fix.fr\\\/wp-content\\\/uploads\\\/2025\\\/03\\\/mainIMG.png\",\"contentUrl\":\"https:\\\/\\\/ginglinger-fix.fr\\\/wp-content\\\/uploads\\\/2025\\\/03\\\/mainIMG.png\",\"width\":1135,\"height\":541},{\"@type\":\"BreadcrumbList\",\"@id\":\"https:\\\/\\\/ginglinger-fix.fr\\\/#breadcrumb\",\"itemListElement\":[{\"@type\":\"ListItem\",\"position\":1,\"name\":\"Accueil\",\"item\":\"https:\\\/\\\/ginglinger-fix.fr\\\/\"},{\"@type\":\"ListItem\",\"position\":2,\"name\":\"Bienvenue\"}]},{\"@type\":\"WebSite\",\"@id\":\"https:\\\/\\\/ginglinger-fix.fr\\\/#website\",\"url\":\"https:\\\/\\\/ginglinger-fix.fr\\\/\",\"name\":\"Ginglinger-Fix Voegtlinshoffen\",\"description\":\"\",\"publisher\":{\"@id\":\"https:\\\/\\\/ginglinger-fix.fr\\\/#organization\"},\"potentialAction\":[{\"@type\":\"SearchAction\",\"target\":{\"@type\":\"EntryPoint\",\"urlTemplate\":\"https:\\\/\\\/ginglinger-fix.fr\\\/?s={search_term_string}\"},\"query-input\":{\"@type\":\"PropertyValueSpecification\",\"valueRequired\":true,\"valueName\":\"search_term_string\"}}],\"inLanguage\":\"fr-FR\"},{\"@type\":\"Organization\",\"@id\":\"https:\\\/\\\/ginglinger-fix.fr\\\/#organization\",\"name\":\"Ginglinger-Fix Voegtlinshoffen\",\"url\":\"https:\\\/\\\/ginglinger-fix.fr\\\/\",\"logo\":{\"@type\":\"ImageObject\",\"inLanguage\":\"fr-FR\",\"@id\":\"https:\\\/\\\/ginglinger-fix.fr\\\/#\\\/schema\\\/logo\\\/image\\\/\",\"url\":\"https:\\\/\\\/ginglinger-fix.fr\\\/wp-content\\\/uploads\\\/2025\\\/01\\\/Capture-decran-2025-01-21-a-19.02.41-1024x969.png\",\"contentUrl\":\"https:\\\/\\\/ginglinger-fix.fr\\\/wp-content\\\/uploads\\\/2025\\\/01\\\/Capture-decran-2025-01-21-a-19.02.41-1024x969.png\",\"width\":1024,\"height\":969,\"caption\":\"Ginglinger-Fix Voegtlinshoffen\"},\"image\":{\"@id\":\"https:\\\/\\\/ginglinger-fix.fr\\\/#\\\/schema\\\/logo\\\/image\\\/\"}}]}<\/script>\n<!-- \/ Yoast SEO plugin. -->","yoast_head_json":{"title":"Bienvenue - Ginglinger-Fix Voegtlinshoffen","robots":{"index":"index","follow":"follow","max-snippet":"max-snippet:-1","max-image-preview":"max-image-preview:large","max-video-preview":"max-video-preview:-1"},"canonical":"https:\/\/ginglinger-fix.fr\/","og_locale":"fr_FR","og_type":"article","og_title":"Bienvenue - Ginglinger-Fix Voegtlinshoffen","og_description":"Notre domaine familial nich\u00e9 au c\u0153ur du vignoble alsacien b\u00e9n\u00e9ficie de la tradition et de l\u2019exp\u00e9rience d\u2019une longue lign\u00e9e de vignerons depuis 1610. La famille Ginglinger-Fix, Eliane, Hubert et Andr\u00e9, vous accueille dans le charmant village de Voegtlinshoffen surplombant la plaine d\u2019Alsace o\u00f9 la vigne est omnipr\u00e9sente depuis le XIII\u00e8me si\u00e8cle. L\u2019ensemble de notre vignoble ... Lire la suite","og_url":"https:\/\/ginglinger-fix.fr\/","og_site_name":"Ginglinger-Fix Voegtlinshoffen","article_modified_time":"2025-12-27T19:50:49+00:00","og_image":[{"width":1135,"height":541,"url":"https:\/\/ginglinger-fix.fr\/wp-content\/uploads\/2025\/03\/mainIMG.png","type":"image\/png"}],"twitter_card":"summary_large_image","twitter_misc":{"Dur\u00e9e de lecture estim\u00e9e":"1 minute"},"schema":{"@context":"https:\/\/schema.org","@graph":[{"@type":"WebPage","@id":"https:\/\/ginglinger-fix.fr\/","url":"https:\/\/ginglinger-fix.fr\/","name":"Bienvenue - Ginglinger-Fix Voegtlinshoffen","isPartOf":{"@id":"https:\/\/ginglinger-fix.fr\/#website"},"primaryImageOfPage":{"@id":"https:\/\/ginglinger-fix.fr\/#primaryimage"},"image":{"@id":"https:\/\/ginglinger-fix.fr\/#primaryimage"},"thumbnailUrl":"https:\/\/ginglinger-fix.fr\/wp-content\/uploads\/2025\/03\/mainIMG-1024x488.png","datePublished":"2025-03-21T16:32:56+00:00","dateModified":"2025-12-27T19:50:49+00:00","breadcrumb":{"@id":"https:\/\/ginglinger-fix.fr\/#breadcrumb"},"inLanguage":"fr-FR","potentialAction":[{"@type":"ReadAction","target":["https:\/\/ginglinger-fix.fr\/"]}]},{"@type":"ImageObject","inLanguage":"fr-FR","@id":"https:\/\/ginglinger-fix.fr\/#primaryimage","url":"https:\/\/ginglinger-fix.fr\/wp-content\/uploads\/2025\/03\/mainIMG.png","contentUrl":"https:\/\/ginglinger-fix.fr\/wp-content\/uploads\/2025\/03\/mainIMG.png","width":1135,"height":541},{"@type":"BreadcrumbList","@id":"https:\/\/ginglinger-fix.fr\/#breadcrumb","itemListElement":[{"@type":"ListItem","position":1,"name":"Accueil","item":"https:\/\/ginglinger-fix.fr\/"},{"@type":"ListItem","position":2,"name":"Bienvenue"}]},{"@type":"WebSite","@id":"https:\/\/ginglinger-fix.fr\/#website","url":"https:\/\/ginglinger-fix.fr\/","name":"Ginglinger-Fix Voegtlinshoffen","description":"","publisher":{"@id":"https:\/\/ginglinger-fix.fr\/#organization"},"potentialAction":[{"@type":"SearchAction","target":{"@type":"EntryPoint","urlTemplate":"https:\/\/ginglinger-fix.fr\/?s={search_term_string}"},"query-input":{"@type":"PropertyValueSpecification","valueRequired":true,"valueName":"search_term_string"}}],"inLanguage":"fr-FR"},{"@type":"Organization","@id":"https:\/\/ginglinger-fix.fr\/#organization","name":"Ginglinger-Fix Voegtlinshoffen","url":"https:\/\/ginglinger-fix.fr\/","logo":{"@type":"ImageObject","inLanguage":"fr-FR","@id":"https:\/\/ginglinger-fix.fr\/#\/schema\/logo\/image\/","url":"https:\/\/ginglinger-fix.fr\/wp-content\/uploads\/2025\/01\/Capture-decran-2025-01-21-a-19.02.41-1024x969.png","contentUrl":"https:\/\/ginglinger-fix.fr\/wp-content\/uploads\/2025\/01\/Capture-decran-2025-01-21-a-19.02.41-1024x969.png","width":1024,"height":969,"caption":"Ginglinger-Fix Voegtlinshoffen"},"image":{"@id":"https:\/\/ginglinger-fix.fr\/#\/schema\/logo\/image\/"}}]}},"_links":{"self":[{"href":"https:\/\/ginglinger-fix.fr\/index.php\/wp-json\/wp\/v2\/pages\/270","targetHints":{"allow":["GET"]}}],"collection":[{"href":"https:\/\/ginglinger-fix.fr\/index.php\/wp-json\/wp\/v2\/pages"}],"about":[{"href":"https:\/\/ginglinger-fix.fr\/index.php\/wp-json\/wp\/v2\/types\/page"}],"author":[{"embeddable":true,"href":"https:\/\/ginglinger-fix.fr\/index.php\/wp-json\/wp\/v2\/users\/1"}],"replies":[{"embeddable":true,"href":"https:\/\/ginglinger-fix.fr\/index.php\/wp-json\/wp\/v2\/comments?post=270"}],"version-history":[{"count":29,"href":"https:\/\/ginglinger-fix.fr\/index.php\/wp-json\/wp\/v2\/pages\/270\/revisions"}],"predecessor-version":[{"id":500,"href":"https:\/\/ginglinger-fix.fr\/index.php\/wp-json\/wp\/v2\/pages\/270\/revisions\/500"}],"wp:attachment":[{"href":"https:\/\/ginglinger-fix.fr\/index.php\/wp-json\/wp\/v2\/media?parent=270"}],"curies":[{"name":"wp","href":"https:\/\/api.w.org\/{rel}","templated":true}]}}